{"id":28112,"date":"2024-11-04T19:15:58","date_gmt":"2024-11-04T22:15:58","guid":{"rendered":"https:\/\/egbe.wnpower.host\/santeria\/?post_type=product&#038;p=28112"},"modified":"2024-11-08T11:09:54","modified_gmt":"2024-11-08T14:09:54","slug":"ile-ori-casa-de-ori","status":"publish","type":"product","link":"https:\/\/egbe.wnpower.host\/santeria\/producto\/ile-ori-casa-de-ori\/","title":{"rendered":"Il\u00e9 Or\u00ed (casa de Or\u00ed)"},"content":{"rendered":"<p>Il\u00e9 Or\u00ed de estilo yoruba tradicional, confeccionado con cuero, telas, mostacillas y b\u00fazios. <\/p>\n","protected":false},"excerpt":{"rendered":"<p>Il\u00e9-Or\u00ed confeccionado con cuero, telas, mostacillas y b\u00fazios, de estilo tradicional yoruba. <\/p>\n<p>ATENCI\u00d3N: EL ENV\u00cdO DE ESTE PRODUCTO O SU DISPONIBILIDAD, TIENE UNA DEMORA DE UNOS 7 D\u00cdAS DESPU\u00c9S DE REALIZADA LA COMPRA. <\/p>\n","protected":false},"featured_media":28113,"comment_status":"open","ping_status":"closed","template":"","meta":{"_eb_attr":"","_uag_custom_page_level_css":""},"product_brand":[],"product_cat":[35],"product_tag":[246,248,245,247],"class_list":{"0":"post-28112","1":"product","2":"type-product","3":"status-publish","4":"has-post-thumbnail","6":"product_cat-sin-categoria","7":"product_tag-bori","8":"product_tag-ifa","9":"product_tag-ile-ori","10":"product_tag-yoruba","12":"first","13":"onbackorder","14":"shipping-taxable","15":"purchasable","16":"product-type-simple"},"yoast_head":"<!-- This site is optimized with the Yoast SEO plugin v27.3 - https:\/\/yoast.com\/product\/yoast-seo-wordpress\/ -->\n<title>Il\u00e9 Or\u00ed (casa de Or\u00ed) - Santer\u00eda Egb\u00e9<\/title>\n<meta name=\"robots\" content=\"index, follow, max-snippet:-1, max-image-preview:large, max-video-preview:-1\" \/>\n<link rel=\"canonical\" href=\"https:\/\/egbe.wnpower.host\/santeria\/producto\/ile-ori-casa-de-ori\/\" \/>\n<meta property=\"og:locale\" content=\"es_ES\" \/>\n<meta property=\"og:type\" content=\"article\" \/>\n<meta property=\"og:title\" content=\"Il\u00e9 Or\u00ed (casa de Or\u00ed) - Santer\u00eda Egb\u00e9\" \/>\n<meta property=\"og:description\" content=\"Il\u00e9-Or\u00ed confeccionado con cuero, telas, mostacillas y b\u00fazios, de estilo tradicional yoruba.   ATENCI\u00d3N: EL ENV\u00cdO DE ESTE PRODUCTO O SU DISPONIBILIDAD, TIENE UNA DEMORA DE UNOS 7 D\u00cdAS DESPU\u00c9S DE REALIZADA LA COMPRA.\" \/>\n<meta property=\"og:url\" content=\"https:\/\/egbe.wnpower.host\/santeria\/producto\/ile-ori-casa-de-ori\/\" \/>\n<meta property=\"og:site_name\" content=\"Santer\u00eda Egb\u00e9\" \/>\n<meta property=\"article:publisher\" content=\"https:\/\/www.facebook.com\/profile.php?id=61567814461428\" \/>\n<meta property=\"article:modified_time\" content=\"2024-11-08T14:09:54+00:00\" \/>\n<meta property=\"og:image\" content=\"https:\/\/egbe.wnpower.host\/santeria\/wp-content\/uploads\/2024\/11\/Ile-ori1.png\" \/>\n\t<meta property=\"og:image:width\" content=\"339\" \/>\n\t<meta property=\"og:image:height\" content=\"737\" \/>\n\t<meta property=\"og:image:type\" content=\"image\/png\" \/>\n<meta name=\"twitter:card\" content=\"summary_large_image\" \/>\n<script type=\"application\/ld+json\" class=\"yoast-schema-graph\">{\"@context\":\"https:\\\/\\\/schema.org\",\"@graph\":[{\"@type\":\"WebPage\",\"@id\":\"https:\\\/\\\/egbe.wnpower.host\\\/santeria\\\/producto\\\/ile-ori-casa-de-ori\\\/\",\"url\":\"https:\\\/\\\/egbe.wnpower.host\\\/santeria\\\/producto\\\/ile-ori-casa-de-ori\\\/\",\"name\":\"Il\u00e9 Or\u00ed (casa de Or\u00ed) - Santer\u00eda Egb\u00e9\",\"isPartOf\":{\"@id\":\"https:\\\/\\\/egbe.wnpower.host\\\/santeria\\\/#website\"},\"primaryImageOfPage\":{\"@id\":\"https:\\\/\\\/egbe.wnpower.host\\\/santeria\\\/producto\\\/ile-ori-casa-de-ori\\\/#primaryimage\"},\"image\":{\"@id\":\"https:\\\/\\\/egbe.wnpower.host\\\/santeria\\\/producto\\\/ile-ori-casa-de-ori\\\/#primaryimage\"},\"thumbnailUrl\":\"https:\\\/\\\/egbe.wnpower.host\\\/santeria\\\/wp-content\\\/uploads\\\/2024\\\/11\\\/Ile-ori1.png\",\"datePublished\":\"2024-11-04T22:15:58+00:00\",\"dateModified\":\"2024-11-08T14:09:54+00:00\",\"breadcrumb\":{\"@id\":\"https:\\\/\\\/egbe.wnpower.host\\\/santeria\\\/producto\\\/ile-ori-casa-de-ori\\\/#breadcrumb\"},\"inLanguage\":\"es\",\"potentialAction\":[{\"@type\":\"ReadAction\",\"target\":[\"https:\\\/\\\/egbe.wnpower.host\\\/santeria\\\/producto\\\/ile-ori-casa-de-ori\\\/\"]}]},{\"@type\":\"ImageObject\",\"inLanguage\":\"es\",\"@id\":\"https:\\\/\\\/egbe.wnpower.host\\\/santeria\\\/producto\\\/ile-ori-casa-de-ori\\\/#primaryimage\",\"url\":\"https:\\\/\\\/egbe.wnpower.host\\\/santeria\\\/wp-content\\\/uploads\\\/2024\\\/11\\\/Ile-ori1.png\",\"contentUrl\":\"https:\\\/\\\/egbe.wnpower.host\\\/santeria\\\/wp-content\\\/uploads\\\/2024\\\/11\\\/Ile-ori1.png\",\"width\":339,\"height\":737},{\"@type\":\"BreadcrumbList\",\"@id\":\"https:\\\/\\\/egbe.wnpower.host\\\/santeria\\\/producto\\\/ile-ori-casa-de-ori\\\/#breadcrumb\",\"itemListElement\":[{\"@type\":\"ListItem\",\"position\":1,\"name\":\"Portada\",\"item\":\"https:\\\/\\\/egbe.wnpower.host\\\/santeria\\\/\"},{\"@type\":\"ListItem\",\"position\":2,\"name\":\"Productos\",\"item\":\"https:\\\/\\\/egbe.wnpower.host\\\/santeria\\\/shop\\\/\"},{\"@type\":\"ListItem\",\"position\":3,\"name\":\"Il\u00e9 Or\u00ed (casa de Or\u00ed)\"}]},{\"@type\":\"WebSite\",\"@id\":\"https:\\\/\\\/egbe.wnpower.host\\\/santeria\\\/#website\",\"url\":\"https:\\\/\\\/egbe.wnpower.host\\\/santeria\\\/\",\"name\":\"Santer\u00eda Egb\u00e9\",\"description\":\"Art\u00edculos religiosos para orix\u00e1, umbanda, kimbanda, candombl\u00e9, if\u00e1, santer\u00eda\",\"publisher\":{\"@id\":\"https:\\\/\\\/egbe.wnpower.host\\\/santeria\\\/#\\\/schema\\\/person\\\/4e7903f75c064d092d2b02f7a4250583\"},\"potentialAction\":[{\"@type\":\"SearchAction\",\"target\":{\"@type\":\"EntryPoint\",\"urlTemplate\":\"https:\\\/\\\/egbe.wnpower.host\\\/santeria\\\/?s={search_term_string}\"},\"query-input\":{\"@type\":\"PropertyValueSpecification\",\"valueRequired\":true,\"valueName\":\"search_term_string\"}}],\"inLanguage\":\"es\"},{\"@type\":[\"Person\",\"Organization\"],\"@id\":\"https:\\\/\\\/egbe.wnpower.host\\\/santeria\\\/#\\\/schema\\\/person\\\/4e7903f75c064d092d2b02f7a4250583\",\"name\":\"B\u00e0b\u00e1 Osvaldo Omotob\u00e0t\u00e1l\u00e1\",\"image\":{\"@type\":\"ImageObject\",\"inLanguage\":\"es\",\"@id\":\"https:\\\/\\\/egbe.wnpower.host\\\/santeria\\\/wp-content\\\/uploads\\\/2024\\\/10\\\/logo.jpg\",\"url\":\"https:\\\/\\\/egbe.wnpower.host\\\/santeria\\\/wp-content\\\/uploads\\\/2024\\\/10\\\/logo.jpg\",\"contentUrl\":\"https:\\\/\\\/egbe.wnpower.host\\\/santeria\\\/wp-content\\\/uploads\\\/2024\\\/10\\\/logo.jpg\",\"width\":518,\"height\":404,\"caption\":\"B\u00e0b\u00e1 Osvaldo Omotob\u00e0t\u00e1l\u00e1\"},\"logo\":{\"@id\":\"https:\\\/\\\/egbe.wnpower.host\\\/santeria\\\/wp-content\\\/uploads\\\/2024\\\/10\\\/logo.jpg\"},\"sameAs\":[\"https:\\\/\\\/www.facebook.com\\\/profile.php?id=61567814461428\"]}]}<\/script>\n<!-- \/ Yoast SEO plugin. -->","yoast_head_json":{"title":"Il\u00e9 Or\u00ed (casa de Or\u00ed) - Santer\u00eda Egb\u00e9","robots":{"index":"index","follow":"follow","max-snippet":"max-snippet:-1","max-image-preview":"max-image-preview:large","max-video-preview":"max-video-preview:-1"},"canonical":"https:\/\/egbe.wnpower.host\/santeria\/producto\/ile-ori-casa-de-ori\/","og_locale":"es_ES","og_type":"article","og_title":"Il\u00e9 Or\u00ed (casa de Or\u00ed) - Santer\u00eda Egb\u00e9","og_description":"Il\u00e9-Or\u00ed confeccionado con cuero, telas, mostacillas y b\u00fazios, de estilo tradicional yoruba.   ATENCI\u00d3N: EL ENV\u00cdO DE ESTE PRODUCTO O SU DISPONIBILIDAD, TIENE UNA DEMORA DE UNOS 7 D\u00cdAS DESPU\u00c9S DE REALIZADA LA COMPRA.","og_url":"https:\/\/egbe.wnpower.host\/santeria\/producto\/ile-ori-casa-de-ori\/","og_site_name":"Santer\u00eda Egb\u00e9","article_publisher":"https:\/\/www.facebook.com\/profile.php?id=61567814461428","article_modified_time":"2024-11-08T14:09:54+00:00","og_image":[{"width":339,"height":737,"url":"https:\/\/egbe.wnpower.host\/santeria\/wp-content\/uploads\/2024\/11\/Ile-ori1.png","type":"image\/png"}],"twitter_card":"summary_large_image","schema":{"@context":"https:\/\/schema.org","@graph":[{"@type":"WebPage","@id":"https:\/\/egbe.wnpower.host\/santeria\/producto\/ile-ori-casa-de-ori\/","url":"https:\/\/egbe.wnpower.host\/santeria\/producto\/ile-ori-casa-de-ori\/","name":"Il\u00e9 Or\u00ed (casa de Or\u00ed) - Santer\u00eda Egb\u00e9","isPartOf":{"@id":"https:\/\/egbe.wnpower.host\/santeria\/#website"},"primaryImageOfPage":{"@id":"https:\/\/egbe.wnpower.host\/santeria\/producto\/ile-ori-casa-de-ori\/#primaryimage"},"image":{"@id":"https:\/\/egbe.wnpower.host\/santeria\/producto\/ile-ori-casa-de-ori\/#primaryimage"},"thumbnailUrl":"https:\/\/egbe.wnpower.host\/santeria\/wp-content\/uploads\/2024\/11\/Ile-ori1.png","datePublished":"2024-11-04T22:15:58+00:00","dateModified":"2024-11-08T14:09:54+00:00","breadcrumb":{"@id":"https:\/\/egbe.wnpower.host\/santeria\/producto\/ile-ori-casa-de-ori\/#breadcrumb"},"inLanguage":"es","potentialAction":[{"@type":"ReadAction","target":["https:\/\/egbe.wnpower.host\/santeria\/producto\/ile-ori-casa-de-ori\/"]}]},{"@type":"ImageObject","inLanguage":"es","@id":"https:\/\/egbe.wnpower.host\/santeria\/producto\/ile-ori-casa-de-ori\/#primaryimage","url":"https:\/\/egbe.wnpower.host\/santeria\/wp-content\/uploads\/2024\/11\/Ile-ori1.png","contentUrl":"https:\/\/egbe.wnpower.host\/santeria\/wp-content\/uploads\/2024\/11\/Ile-ori1.png","width":339,"height":737},{"@type":"BreadcrumbList","@id":"https:\/\/egbe.wnpower.host\/santeria\/producto\/ile-ori-casa-de-ori\/#breadcrumb","itemListElement":[{"@type":"ListItem","position":1,"name":"Portada","item":"https:\/\/egbe.wnpower.host\/santeria\/"},{"@type":"ListItem","position":2,"name":"Productos","item":"https:\/\/egbe.wnpower.host\/santeria\/shop\/"},{"@type":"ListItem","position":3,"name":"Il\u00e9 Or\u00ed (casa de Or\u00ed)"}]},{"@type":"WebSite","@id":"https:\/\/egbe.wnpower.host\/santeria\/#website","url":"https:\/\/egbe.wnpower.host\/santeria\/","name":"Santer\u00eda Egb\u00e9","description":"Art\u00edculos religiosos para orix\u00e1, umbanda, kimbanda, candombl\u00e9, if\u00e1, santer\u00eda","publisher":{"@id":"https:\/\/egbe.wnpower.host\/santeria\/#\/schema\/person\/4e7903f75c064d092d2b02f7a4250583"},"potentialAction":[{"@type":"SearchAction","target":{"@type":"EntryPoint","urlTemplate":"https:\/\/egbe.wnpower.host\/santeria\/?s={search_term_string}"},"query-input":{"@type":"PropertyValueSpecification","valueRequired":true,"valueName":"search_term_string"}}],"inLanguage":"es"},{"@type":["Person","Organization"],"@id":"https:\/\/egbe.wnpower.host\/santeria\/#\/schema\/person\/4e7903f75c064d092d2b02f7a4250583","name":"B\u00e0b\u00e1 Osvaldo Omotob\u00e0t\u00e1l\u00e1","image":{"@type":"ImageObject","inLanguage":"es","@id":"https:\/\/egbe.wnpower.host\/santeria\/wp-content\/uploads\/2024\/10\/logo.jpg","url":"https:\/\/egbe.wnpower.host\/santeria\/wp-content\/uploads\/2024\/10\/logo.jpg","contentUrl":"https:\/\/egbe.wnpower.host\/santeria\/wp-content\/uploads\/2024\/10\/logo.jpg","width":518,"height":404,"caption":"B\u00e0b\u00e1 Osvaldo Omotob\u00e0t\u00e1l\u00e1"},"logo":{"@id":"https:\/\/egbe.wnpower.host\/santeria\/wp-content\/uploads\/2024\/10\/logo.jpg"},"sameAs":["https:\/\/www.facebook.com\/profile.php?id=61567814461428"]}]}},"uagb_featured_image_src":{"full":["https:\/\/egbe.wnpower.host\/santeria\/wp-content\/uploads\/2024\/11\/Ile-ori1.png",339,737,false],"thumbnail":["https:\/\/egbe.wnpower.host\/santeria\/wp-content\/uploads\/2024\/11\/Ile-ori1-150x150.png",150,150,true],"medium":["https:\/\/egbe.wnpower.host\/santeria\/wp-content\/uploads\/2024\/11\/Ile-ori1-138x300.png",138,300,true],"medium_large":["https:\/\/egbe.wnpower.host\/santeria\/wp-content\/uploads\/2024\/11\/Ile-ori1.png",339,737,false],"large":["https:\/\/egbe.wnpower.host\/santeria\/wp-content\/uploads\/2024\/11\/Ile-ori1.png",339,737,false],"1536x1536":["https:\/\/egbe.wnpower.host\/santeria\/wp-content\/uploads\/2024\/11\/Ile-ori1.png",339,737,false],"2048x2048":["https:\/\/egbe.wnpower.host\/santeria\/wp-content\/uploads\/2024\/11\/Ile-ori1.png",339,737,false],"woocommerce_thumbnail":["https:\/\/egbe.wnpower.host\/santeria\/wp-content\/uploads\/2024\/11\/Ile-ori1-231x502.png",231,502,true],"woocommerce_single":["https:\/\/egbe.wnpower.host\/santeria\/wp-content\/uploads\/2024\/11\/Ile-ori1.png",339,737,false],"woocommerce_gallery_thumbnail":["https:\/\/egbe.wnpower.host\/santeria\/wp-content\/uploads\/2024\/11\/Ile-ori1-100x100.png",100,100,true]},"uagb_author_info":{"display_name":"director","author_link":"https:\/\/egbe.wnpower.host\/santeria\/author\/"},"uagb_comment_info":0,"uagb_excerpt":"Il\u00e9-Or\u00ed confeccionado con cuero, telas, mostacillas y b\u00fazios, de estilo tradicional yoruba. ATENCI\u00d3N: EL ENV\u00cdO DE ESTE PRODUCTO O SU DISPONIBILIDAD, TIENE UNA DEMORA DE UNOS 7 D\u00cdAS DESPU\u00c9S DE REALIZADA LA COMPRA.","_links":{"self":[{"href":"https:\/\/egbe.wnpower.host\/santeria\/wp-json\/wp\/v2\/product\/28112","targetHints":{"allow":["GET"]}}],"collection":[{"href":"https:\/\/egbe.wnpower.host\/santeria\/wp-json\/wp\/v2\/product"}],"about":[{"href":"https:\/\/egbe.wnpower.host\/santeria\/wp-json\/wp\/v2\/types\/product"}],"replies":[{"embeddable":true,"href":"https:\/\/egbe.wnpower.host\/santeria\/wp-json\/wp\/v2\/comments?post=28112"}],"version-history":[{"count":0,"href":"https:\/\/egbe.wnpower.host\/santeria\/wp-json\/wp\/v2\/product\/28112\/revisions"}],"wp:featuredmedia":[{"embeddable":true,"href":"https:\/\/egbe.wnpower.host\/santeria\/wp-json\/wp\/v2\/media\/28113"}],"wp:attachment":[{"href":"https:\/\/egbe.wnpower.host\/santeria\/wp-json\/wp\/v2\/media?parent=28112"}],"wp:term":[{"taxonomy":"product_brand","embeddable":true,"href":"https:\/\/egbe.wnpower.host\/santeria\/wp-json\/wp\/v2\/product_brand?post=28112"},{"taxonomy":"product_cat","embeddable":true,"href":"https:\/\/egbe.wnpower.host\/santeria\/wp-json\/wp\/v2\/product_cat?post=28112"},{"taxonomy":"product_tag","embeddable":true,"href":"https:\/\/egbe.wnpower.host\/santeria\/wp-json\/wp\/v2\/product_tag?post=28112"}],"curies":[{"name":"wp","href":"https:\/\/api.w.org\/{rel}","templated":true}]}}