{"id":28182,"date":"2024-11-08T22:33:34","date_gmt":"2024-11-09T01:33:34","guid":{"rendered":"https:\/\/egbe.wnpower.host\/santeria\/?post_type=product&#038;p=28182"},"modified":"2026-02-12T12:31:44","modified_gmt":"2026-02-12T15:31:44","slug":"jabones-de-descarga","status":"publish","type":"product","link":"https:\/\/egbe.wnpower.host\/santeria\/producto\/jabones-de-descarga\/","title":{"rendered":"Jabones de Descarga"},"content":{"rendered":"<p>Elija los jabones que prefiera de acuerdo con su necesidad.<\/p>\n<p>Modo de empleo: Ba\u00f1arse con el jab\u00f3n habitual, la \u00faltima enjabonada se hace con el JAB\u00d3N DE DESCARGA del cuello hacia abajo. Dejar correr el agua por el resumidero.<\/p>\n","protected":false},"excerpt":{"rendered":"<p>Elija los jabones que prefiera de acuerdo con su necesidad. Modo de empleo: Ba\u00f1arse con el jab\u00f3n habitual, la \u00faltima enjabonada se hace con el JAB\u00d3N DE DESCARGA del cuello hacia abajo. Dejar correr el agua por el resumidero.<\/p>\n","protected":false},"featured_media":28207,"comment_status":"open","ping_status":"closed","template":"","meta":{"_eb_attr":"","_uag_custom_page_level_css":""},"product_brand":[],"product_cat":[35],"product_tag":[],"class_list":{"0":"post-28182","1":"product","2":"type-product","3":"status-publish","4":"has-post-thumbnail","6":"product_cat-sin-categoria","8":"first","9":"instock","10":"shipping-taxable","11":"purchasable","12":"product-type-variable"},"yoast_head":"<!-- This site is optimized with the Yoast SEO plugin v27.3 - https:\/\/yoast.com\/product\/yoast-seo-wordpress\/ -->\n<title>Jabones de Descarga - Santer\u00eda Egb\u00e9<\/title>\n<meta name=\"robots\" content=\"index, follow, max-snippet:-1, max-image-preview:large, max-video-preview:-1\" \/>\n<link rel=\"canonical\" href=\"https:\/\/egbe.wnpower.host\/santeria\/producto\/jabones-de-descarga\/\" \/>\n<meta property=\"og:locale\" content=\"es_ES\" \/>\n<meta property=\"og:type\" content=\"article\" \/>\n<meta property=\"og:title\" content=\"Jabones de Descarga - Santer\u00eda Egb\u00e9\" \/>\n<meta property=\"og:description\" content=\"Elija los jabones que prefiera de acuerdo con su necesidad. Modo de empleo: Ba\u00f1arse con el jab\u00f3n habitual, la \u00faltima enjabonada se hace con el JAB\u00d3N DE DESCARGA del cuello hacia abajo. Dejar correr el agua por el resumidero.\" \/>\n<meta property=\"og:url\" content=\"https:\/\/egbe.wnpower.host\/santeria\/producto\/jabones-de-descarga\/\" \/>\n<meta property=\"og:site_name\" content=\"Santer\u00eda Egb\u00e9\" \/>\n<meta property=\"article:publisher\" content=\"https:\/\/www.facebook.com\/profile.php?id=61567814461428\" \/>\n<meta property=\"article:modified_time\" content=\"2026-02-12T15:31:44+00:00\" \/>\n<meta property=\"og:image\" content=\"https:\/\/egbe.wnpower.host\/santeria\/wp-content\/uploads\/2024\/11\/jabones.jpg\" \/>\n\t<meta property=\"og:image:width\" content=\"600\" \/>\n\t<meta property=\"og:image:height\" content=\"600\" \/>\n\t<meta property=\"og:image:type\" content=\"image\/jpeg\" \/>\n<meta name=\"twitter:card\" content=\"summary_large_image\" \/>\n<meta name=\"twitter:label1\" content=\"Tiempo de lectura\" \/>\n\t<meta name=\"twitter:data1\" content=\"1 minuto\" \/>\n<script type=\"application\/ld+json\" class=\"yoast-schema-graph\">{\"@context\":\"https:\\\/\\\/schema.org\",\"@graph\":[{\"@type\":\"WebPage\",\"@id\":\"https:\\\/\\\/egbe.wnpower.host\\\/santeria\\\/producto\\\/jabones-de-descarga\\\/\",\"url\":\"https:\\\/\\\/egbe.wnpower.host\\\/santeria\\\/producto\\\/jabones-de-descarga\\\/\",\"name\":\"Jabones de Descarga - Santer\u00eda Egb\u00e9\",\"isPartOf\":{\"@id\":\"https:\\\/\\\/egbe.wnpower.host\\\/santeria\\\/#website\"},\"primaryImageOfPage\":{\"@id\":\"https:\\\/\\\/egbe.wnpower.host\\\/santeria\\\/producto\\\/jabones-de-descarga\\\/#primaryimage\"},\"image\":{\"@id\":\"https:\\\/\\\/egbe.wnpower.host\\\/santeria\\\/producto\\\/jabones-de-descarga\\\/#primaryimage\"},\"thumbnailUrl\":\"https:\\\/\\\/egbe.wnpower.host\\\/santeria\\\/wp-content\\\/uploads\\\/2024\\\/11\\\/jabones.jpg\",\"datePublished\":\"2024-11-09T01:33:34+00:00\",\"dateModified\":\"2026-02-12T15:31:44+00:00\",\"breadcrumb\":{\"@id\":\"https:\\\/\\\/egbe.wnpower.host\\\/santeria\\\/producto\\\/jabones-de-descarga\\\/#breadcrumb\"},\"inLanguage\":\"es\",\"potentialAction\":[{\"@type\":\"ReadAction\",\"target\":[\"https:\\\/\\\/egbe.wnpower.host\\\/santeria\\\/producto\\\/jabones-de-descarga\\\/\"]}]},{\"@type\":\"ImageObject\",\"inLanguage\":\"es\",\"@id\":\"https:\\\/\\\/egbe.wnpower.host\\\/santeria\\\/producto\\\/jabones-de-descarga\\\/#primaryimage\",\"url\":\"https:\\\/\\\/egbe.wnpower.host\\\/santeria\\\/wp-content\\\/uploads\\\/2024\\\/11\\\/jabones.jpg\",\"contentUrl\":\"https:\\\/\\\/egbe.wnpower.host\\\/santeria\\\/wp-content\\\/uploads\\\/2024\\\/11\\\/jabones.jpg\",\"width\":600,\"height\":600},{\"@type\":\"BreadcrumbList\",\"@id\":\"https:\\\/\\\/egbe.wnpower.host\\\/santeria\\\/producto\\\/jabones-de-descarga\\\/#breadcrumb\",\"itemListElement\":[{\"@type\":\"ListItem\",\"position\":1,\"name\":\"Portada\",\"item\":\"https:\\\/\\\/egbe.wnpower.host\\\/santeria\\\/\"},{\"@type\":\"ListItem\",\"position\":2,\"name\":\"Productos\",\"item\":\"https:\\\/\\\/egbe.wnpower.host\\\/santeria\\\/shop\\\/\"},{\"@type\":\"ListItem\",\"position\":3,\"name\":\"Jabones de Descarga\"}]},{\"@type\":\"WebSite\",\"@id\":\"https:\\\/\\\/egbe.wnpower.host\\\/santeria\\\/#website\",\"url\":\"https:\\\/\\\/egbe.wnpower.host\\\/santeria\\\/\",\"name\":\"Santer\u00eda Egb\u00e9\",\"description\":\"Art\u00edculos religiosos para orix\u00e1, umbanda, kimbanda, candombl\u00e9, if\u00e1, santer\u00eda\",\"publisher\":{\"@id\":\"https:\\\/\\\/egbe.wnpower.host\\\/santeria\\\/#\\\/schema\\\/person\\\/4e7903f75c064d092d2b02f7a4250583\"},\"potentialAction\":[{\"@type\":\"SearchAction\",\"target\":{\"@type\":\"EntryPoint\",\"urlTemplate\":\"https:\\\/\\\/egbe.wnpower.host\\\/santeria\\\/?s={search_term_string}\"},\"query-input\":{\"@type\":\"PropertyValueSpecification\",\"valueRequired\":true,\"valueName\":\"search_term_string\"}}],\"inLanguage\":\"es\"},{\"@type\":[\"Person\",\"Organization\"],\"@id\":\"https:\\\/\\\/egbe.wnpower.host\\\/santeria\\\/#\\\/schema\\\/person\\\/4e7903f75c064d092d2b02f7a4250583\",\"name\":\"B\u00e0b\u00e1 Osvaldo Omotob\u00e0t\u00e1l\u00e1\",\"image\":{\"@type\":\"ImageObject\",\"inLanguage\":\"es\",\"@id\":\"https:\\\/\\\/egbe.wnpower.host\\\/santeria\\\/wp-content\\\/uploads\\\/2024\\\/10\\\/logo.jpg\",\"url\":\"https:\\\/\\\/egbe.wnpower.host\\\/santeria\\\/wp-content\\\/uploads\\\/2024\\\/10\\\/logo.jpg\",\"contentUrl\":\"https:\\\/\\\/egbe.wnpower.host\\\/santeria\\\/wp-content\\\/uploads\\\/2024\\\/10\\\/logo.jpg\",\"width\":518,\"height\":404,\"caption\":\"B\u00e0b\u00e1 Osvaldo Omotob\u00e0t\u00e1l\u00e1\"},\"logo\":{\"@id\":\"https:\\\/\\\/egbe.wnpower.host\\\/santeria\\\/wp-content\\\/uploads\\\/2024\\\/10\\\/logo.jpg\"},\"sameAs\":[\"https:\\\/\\\/www.facebook.com\\\/profile.php?id=61567814461428\"]}]}<\/script>\n<!-- \/ Yoast SEO plugin. -->","yoast_head_json":{"title":"Jabones de Descarga - Santer\u00eda Egb\u00e9","robots":{"index":"index","follow":"follow","max-snippet":"max-snippet:-1","max-image-preview":"max-image-preview:large","max-video-preview":"max-video-preview:-1"},"canonical":"https:\/\/egbe.wnpower.host\/santeria\/producto\/jabones-de-descarga\/","og_locale":"es_ES","og_type":"article","og_title":"Jabones de Descarga - Santer\u00eda Egb\u00e9","og_description":"Elija los jabones que prefiera de acuerdo con su necesidad. Modo de empleo: Ba\u00f1arse con el jab\u00f3n habitual, la \u00faltima enjabonada se hace con el JAB\u00d3N DE DESCARGA del cuello hacia abajo. Dejar correr el agua por el resumidero.","og_url":"https:\/\/egbe.wnpower.host\/santeria\/producto\/jabones-de-descarga\/","og_site_name":"Santer\u00eda Egb\u00e9","article_publisher":"https:\/\/www.facebook.com\/profile.php?id=61567814461428","article_modified_time":"2026-02-12T15:31:44+00:00","og_image":[{"width":600,"height":600,"url":"https:\/\/egbe.wnpower.host\/santeria\/wp-content\/uploads\/2024\/11\/jabones.jpg","type":"image\/jpeg"}],"twitter_card":"summary_large_image","twitter_misc":{"Tiempo de lectura":"1 minuto"},"schema":{"@context":"https:\/\/schema.org","@graph":[{"@type":"WebPage","@id":"https:\/\/egbe.wnpower.host\/santeria\/producto\/jabones-de-descarga\/","url":"https:\/\/egbe.wnpower.host\/santeria\/producto\/jabones-de-descarga\/","name":"Jabones de Descarga - Santer\u00eda Egb\u00e9","isPartOf":{"@id":"https:\/\/egbe.wnpower.host\/santeria\/#website"},"primaryImageOfPage":{"@id":"https:\/\/egbe.wnpower.host\/santeria\/producto\/jabones-de-descarga\/#primaryimage"},"image":{"@id":"https:\/\/egbe.wnpower.host\/santeria\/producto\/jabones-de-descarga\/#primaryimage"},"thumbnailUrl":"https:\/\/egbe.wnpower.host\/santeria\/wp-content\/uploads\/2024\/11\/jabones.jpg","datePublished":"2024-11-09T01:33:34+00:00","dateModified":"2026-02-12T15:31:44+00:00","breadcrumb":{"@id":"https:\/\/egbe.wnpower.host\/santeria\/producto\/jabones-de-descarga\/#breadcrumb"},"inLanguage":"es","potentialAction":[{"@type":"ReadAction","target":["https:\/\/egbe.wnpower.host\/santeria\/producto\/jabones-de-descarga\/"]}]},{"@type":"ImageObject","inLanguage":"es","@id":"https:\/\/egbe.wnpower.host\/santeria\/producto\/jabones-de-descarga\/#primaryimage","url":"https:\/\/egbe.wnpower.host\/santeria\/wp-content\/uploads\/2024\/11\/jabones.jpg","contentUrl":"https:\/\/egbe.wnpower.host\/santeria\/wp-content\/uploads\/2024\/11\/jabones.jpg","width":600,"height":600},{"@type":"BreadcrumbList","@id":"https:\/\/egbe.wnpower.host\/santeria\/producto\/jabones-de-descarga\/#breadcrumb","itemListElement":[{"@type":"ListItem","position":1,"name":"Portada","item":"https:\/\/egbe.wnpower.host\/santeria\/"},{"@type":"ListItem","position":2,"name":"Productos","item":"https:\/\/egbe.wnpower.host\/santeria\/shop\/"},{"@type":"ListItem","position":3,"name":"Jabones de Descarga"}]},{"@type":"WebSite","@id":"https:\/\/egbe.wnpower.host\/santeria\/#website","url":"https:\/\/egbe.wnpower.host\/santeria\/","name":"Santer\u00eda Egb\u00e9","description":"Art\u00edculos religiosos para orix\u00e1, umbanda, kimbanda, candombl\u00e9, if\u00e1, santer\u00eda","publisher":{"@id":"https:\/\/egbe.wnpower.host\/santeria\/#\/schema\/person\/4e7903f75c064d092d2b02f7a4250583"},"potentialAction":[{"@type":"SearchAction","target":{"@type":"EntryPoint","urlTemplate":"https:\/\/egbe.wnpower.host\/santeria\/?s={search_term_string}"},"query-input":{"@type":"PropertyValueSpecification","valueRequired":true,"valueName":"search_term_string"}}],"inLanguage":"es"},{"@type":["Person","Organization"],"@id":"https:\/\/egbe.wnpower.host\/santeria\/#\/schema\/person\/4e7903f75c064d092d2b02f7a4250583","name":"B\u00e0b\u00e1 Osvaldo Omotob\u00e0t\u00e1l\u00e1","image":{"@type":"ImageObject","inLanguage":"es","@id":"https:\/\/egbe.wnpower.host\/santeria\/wp-content\/uploads\/2024\/10\/logo.jpg","url":"https:\/\/egbe.wnpower.host\/santeria\/wp-content\/uploads\/2024\/10\/logo.jpg","contentUrl":"https:\/\/egbe.wnpower.host\/santeria\/wp-content\/uploads\/2024\/10\/logo.jpg","width":518,"height":404,"caption":"B\u00e0b\u00e1 Osvaldo Omotob\u00e0t\u00e1l\u00e1"},"logo":{"@id":"https:\/\/egbe.wnpower.host\/santeria\/wp-content\/uploads\/2024\/10\/logo.jpg"},"sameAs":["https:\/\/www.facebook.com\/profile.php?id=61567814461428"]}]}},"uagb_featured_image_src":{"full":["https:\/\/egbe.wnpower.host\/santeria\/wp-content\/uploads\/2024\/11\/jabones.jpg",600,600,false],"thumbnail":["https:\/\/egbe.wnpower.host\/santeria\/wp-content\/uploads\/2024\/11\/jabones-150x150.jpg",150,150,true],"medium":["https:\/\/egbe.wnpower.host\/santeria\/wp-content\/uploads\/2024\/11\/jabones-300x300.jpg",300,300,true],"medium_large":["https:\/\/egbe.wnpower.host\/santeria\/wp-content\/uploads\/2024\/11\/jabones.jpg",600,600,false],"large":["https:\/\/egbe.wnpower.host\/santeria\/wp-content\/uploads\/2024\/11\/jabones.jpg",600,600,false],"1536x1536":["https:\/\/egbe.wnpower.host\/santeria\/wp-content\/uploads\/2024\/11\/jabones.jpg",600,600,false],"2048x2048":["https:\/\/egbe.wnpower.host\/santeria\/wp-content\/uploads\/2024\/11\/jabones.jpg",600,600,false],"woocommerce_thumbnail":["https:\/\/egbe.wnpower.host\/santeria\/wp-content\/uploads\/2024\/11\/jabones-231x231.jpg",231,231,true],"woocommerce_single":["https:\/\/egbe.wnpower.host\/santeria\/wp-content\/uploads\/2024\/11\/jabones-438x438.jpg",438,438,true],"woocommerce_gallery_thumbnail":["https:\/\/egbe.wnpower.host\/santeria\/wp-content\/uploads\/2024\/11\/jabones-100x100.jpg",100,100,true]},"uagb_author_info":{"display_name":"director","author_link":"https:\/\/egbe.wnpower.host\/santeria\/author\/"},"uagb_comment_info":0,"uagb_excerpt":"Elija los jabones que prefiera de acuerdo con su necesidad. Modo de empleo: Ba\u00f1arse con el jab\u00f3n habitual, la \u00faltima enjabonada se hace con el JAB\u00d3N DE DESCARGA del cuello hacia abajo. Dejar correr el agua por el resumidero.","_links":{"self":[{"href":"https:\/\/egbe.wnpower.host\/santeria\/wp-json\/wp\/v2\/product\/28182","targetHints":{"allow":["GET"]}}],"collection":[{"href":"https:\/\/egbe.wnpower.host\/santeria\/wp-json\/wp\/v2\/product"}],"about":[{"href":"https:\/\/egbe.wnpower.host\/santeria\/wp-json\/wp\/v2\/types\/product"}],"replies":[{"embeddable":true,"href":"https:\/\/egbe.wnpower.host\/santeria\/wp-json\/wp\/v2\/comments?post=28182"}],"version-history":[{"count":1,"href":"https:\/\/egbe.wnpower.host\/santeria\/wp-json\/wp\/v2\/product\/28182\/revisions"}],"predecessor-version":[{"id":31091,"href":"https:\/\/egbe.wnpower.host\/santeria\/wp-json\/wp\/v2\/product\/28182\/revisions\/31091"}],"wp:featuredmedia":[{"embeddable":true,"href":"https:\/\/egbe.wnpower.host\/santeria\/wp-json\/wp\/v2\/media\/28207"}],"wp:attachment":[{"href":"https:\/\/egbe.wnpower.host\/santeria\/wp-json\/wp\/v2\/media?parent=28182"}],"wp:term":[{"taxonomy":"product_brand","embeddable":true,"href":"https:\/\/egbe.wnpower.host\/santeria\/wp-json\/wp\/v2\/product_brand?post=28182"},{"taxonomy":"product_cat","embeddable":true,"href":"https:\/\/egbe.wnpower.host\/santeria\/wp-json\/wp\/v2\/product_cat?post=28182"},{"taxonomy":"product_tag","embeddable":true,"href":"https:\/\/egbe.wnpower.host\/santeria\/wp-json\/wp\/v2\/product_tag?post=28182"}],"curies":[{"name":"wp","href":"https:\/\/api.w.org\/{rel}","templated":true}]}}