{"id":28619,"date":"2024-11-14T11:03:20","date_gmt":"2024-11-14T14:03:20","guid":{"rendered":"https:\/\/egbe.wnpower.host\/santeria\/?post_type=product&#038;p=28619"},"modified":"2025-04-26T12:59:01","modified_gmt":"2025-04-26T15:59:01","slug":"pomba-gira-7-rosas","status":"publish","type":"product","link":"https:\/\/egbe.wnpower.host\/santeria\/producto\/pomba-gira-7-rosas\/","title":{"rendered":"Pomba Gira 7 Rosas"},"content":{"rendered":"<p>Imagen de Pomba Gira 7 Rosas de 20 cm y 35 cm.<\/p>\n","protected":false},"excerpt":{"rendered":"<p>Imagen de Pomba Gira 7 Rosas de 20 cm y 35 cm.<\/p>\n","protected":false},"featured_media":28622,"comment_status":"open","ping_status":"closed","template":"","meta":{"_eb_attr":"","_uag_custom_page_level_css":""},"product_brand":[],"product_cat":[352],"product_tag":[],"class_list":{"0":"post-28619","1":"product","2":"type-product","3":"status-publish","4":"has-post-thumbnail","6":"product_cat-pomba-gira","8":"first","9":"onbackorder","10":"shipping-taxable","11":"purchasable","12":"product-type-variable"},"yoast_head":"<!-- This site is optimized with the Yoast SEO plugin v27.2 - https:\/\/yoast.com\/product\/yoast-seo-wordpress\/ -->\n<title>Pomba Gira 7 Rosas - Santer\u00eda Egb\u00e9<\/title>\n<meta name=\"robots\" content=\"index, follow, max-snippet:-1, max-image-preview:large, max-video-preview:-1\" \/>\n<link rel=\"canonical\" href=\"https:\/\/egbe.wnpower.host\/santeria\/producto\/pomba-gira-7-rosas\/\" \/>\n<meta property=\"og:locale\" content=\"es_ES\" \/>\n<meta property=\"og:type\" content=\"article\" \/>\n<meta property=\"og:title\" content=\"Pomba Gira 7 Rosas - Santer\u00eda Egb\u00e9\" \/>\n<meta property=\"og:description\" content=\"Imagen de Pomba Gira 7 Rosas de 20 cm y 35 cm.\" \/>\n<meta property=\"og:url\" content=\"https:\/\/egbe.wnpower.host\/santeria\/producto\/pomba-gira-7-rosas\/\" \/>\n<meta property=\"og:site_name\" content=\"Santer\u00eda Egb\u00e9\" \/>\n<meta property=\"article:publisher\" content=\"https:\/\/www.facebook.com\/profile.php?id=61567814461428\" \/>\n<meta property=\"article:modified_time\" content=\"2025-04-26T15:59:01+00:00\" \/>\n<meta property=\"og:image\" content=\"https:\/\/egbe.wnpower.host\/santeria\/wp-content\/uploads\/2024\/11\/Sete-Rosas-Pomba-Gira.webp\" \/>\n\t<meta property=\"og:image:width\" content=\"678\" \/>\n\t<meta property=\"og:image:height\" content=\"678\" \/>\n\t<meta property=\"og:image:type\" content=\"image\/webp\" \/>\n<meta name=\"twitter:card\" content=\"summary_large_image\" \/>\n<meta name=\"twitter:label1\" content=\"Tiempo de lectura\" \/>\n\t<meta name=\"twitter:data1\" content=\"1 minuto\" \/>\n<script type=\"application\/ld+json\" class=\"yoast-schema-graph\">{\"@context\":\"https:\/\/schema.org\",\"@graph\":[{\"@type\":\"WebPage\",\"@id\":\"https:\/\/egbe.wnpower.host\/santeria\/producto\/pomba-gira-7-rosas\/\",\"url\":\"https:\/\/egbe.wnpower.host\/santeria\/producto\/pomba-gira-7-rosas\/\",\"name\":\"Pomba Gira 7 Rosas - Santer\u00eda Egb\u00e9\",\"isPartOf\":{\"@id\":\"https:\/\/egbe.wnpower.host\/santeria\/#website\"},\"primaryImageOfPage\":{\"@id\":\"https:\/\/egbe.wnpower.host\/santeria\/producto\/pomba-gira-7-rosas\/#primaryimage\"},\"image\":{\"@id\":\"https:\/\/egbe.wnpower.host\/santeria\/producto\/pomba-gira-7-rosas\/#primaryimage\"},\"thumbnailUrl\":\"https:\/\/egbe.wnpower.host\/santeria\/wp-content\/uploads\/2024\/11\/Sete-Rosas-Pomba-Gira.webp\",\"datePublished\":\"2024-11-14T14:03:20+00:00\",\"dateModified\":\"2025-04-26T15:59:01+00:00\",\"breadcrumb\":{\"@id\":\"https:\/\/egbe.wnpower.host\/santeria\/producto\/pomba-gira-7-rosas\/#breadcrumb\"},\"inLanguage\":\"es\",\"potentialAction\":[{\"@type\":\"ReadAction\",\"target\":[\"https:\/\/egbe.wnpower.host\/santeria\/producto\/pomba-gira-7-rosas\/\"]}]},{\"@type\":\"ImageObject\",\"inLanguage\":\"es\",\"@id\":\"https:\/\/egbe.wnpower.host\/santeria\/producto\/pomba-gira-7-rosas\/#primaryimage\",\"url\":\"https:\/\/egbe.wnpower.host\/santeria\/wp-content\/uploads\/2024\/11\/Sete-Rosas-Pomba-Gira.webp\",\"contentUrl\":\"https:\/\/egbe.wnpower.host\/santeria\/wp-content\/uploads\/2024\/11\/Sete-Rosas-Pomba-Gira.webp\",\"width\":678,\"height\":678},{\"@type\":\"BreadcrumbList\",\"@id\":\"https:\/\/egbe.wnpower.host\/santeria\/producto\/pomba-gira-7-rosas\/#breadcrumb\",\"itemListElement\":[{\"@type\":\"ListItem\",\"position\":1,\"name\":\"Portada\",\"item\":\"https:\/\/egbe.wnpower.host\/santeria\/\"},{\"@type\":\"ListItem\",\"position\":2,\"name\":\"Productos\",\"item\":\"https:\/\/egbe.wnpower.host\/santeria\/shop\/\"},{\"@type\":\"ListItem\",\"position\":3,\"name\":\"Pomba Gira 7 Rosas\"}]},{\"@type\":\"WebSite\",\"@id\":\"https:\/\/egbe.wnpower.host\/santeria\/#website\",\"url\":\"https:\/\/egbe.wnpower.host\/santeria\/\",\"name\":\"Santer\u00eda Egb\u00e9\",\"description\":\"Art\u00edculos religiosos para orix\u00e1, umbanda, kimbanda, candombl\u00e9, if\u00e1, santer\u00eda\",\"publisher\":{\"@id\":\"https:\/\/egbe.wnpower.host\/santeria\/#\/schema\/person\/4e7903f75c064d092d2b02f7a4250583\"},\"potentialAction\":[{\"@type\":\"SearchAction\",\"target\":{\"@type\":\"EntryPoint\",\"urlTemplate\":\"https:\/\/egbe.wnpower.host\/santeria\/?s={search_term_string}\"},\"query-input\":{\"@type\":\"PropertyValueSpecification\",\"valueRequired\":true,\"valueName\":\"search_term_string\"}}],\"inLanguage\":\"es\"},{\"@type\":[\"Person\",\"Organization\"],\"@id\":\"https:\/\/egbe.wnpower.host\/santeria\/#\/schema\/person\/4e7903f75c064d092d2b02f7a4250583\",\"name\":\"B\u00e0b\u00e1 Osvaldo Omotob\u00e0t\u00e1l\u00e1\",\"image\":{\"@type\":\"ImageObject\",\"inLanguage\":\"es\",\"@id\":\"https:\/\/egbe.wnpower.host\/santeria\/wp-content\/uploads\/2024\/10\/logo.jpg\",\"url\":\"https:\/\/egbe.wnpower.host\/santeria\/wp-content\/uploads\/2024\/10\/logo.jpg\",\"contentUrl\":\"https:\/\/egbe.wnpower.host\/santeria\/wp-content\/uploads\/2024\/10\/logo.jpg\",\"width\":518,\"height\":404,\"caption\":\"B\u00e0b\u00e1 Osvaldo Omotob\u00e0t\u00e1l\u00e1\"},\"logo\":{\"@id\":\"https:\/\/egbe.wnpower.host\/santeria\/wp-content\/uploads\/2024\/10\/logo.jpg\"},\"sameAs\":[\"https:\/\/www.facebook.com\/profile.php?id=61567814461428\"]}]}<\/script>\n<!-- \/ Yoast SEO plugin. -->","yoast_head_json":{"title":"Pomba Gira 7 Rosas - Santer\u00eda Egb\u00e9","robots":{"index":"index","follow":"follow","max-snippet":"max-snippet:-1","max-image-preview":"max-image-preview:large","max-video-preview":"max-video-preview:-1"},"canonical":"https:\/\/egbe.wnpower.host\/santeria\/producto\/pomba-gira-7-rosas\/","og_locale":"es_ES","og_type":"article","og_title":"Pomba Gira 7 Rosas - Santer\u00eda Egb\u00e9","og_description":"Imagen de Pomba Gira 7 Rosas de 20 cm y 35 cm.","og_url":"https:\/\/egbe.wnpower.host\/santeria\/producto\/pomba-gira-7-rosas\/","og_site_name":"Santer\u00eda Egb\u00e9","article_publisher":"https:\/\/www.facebook.com\/profile.php?id=61567814461428","article_modified_time":"2025-04-26T15:59:01+00:00","og_image":[{"width":678,"height":678,"url":"https:\/\/egbe.wnpower.host\/santeria\/wp-content\/uploads\/2024\/11\/Sete-Rosas-Pomba-Gira.webp","type":"image\/webp"}],"twitter_card":"summary_large_image","twitter_misc":{"Tiempo de lectura":"1 minuto"},"schema":{"@context":"https:\/\/schema.org","@graph":[{"@type":"WebPage","@id":"https:\/\/egbe.wnpower.host\/santeria\/producto\/pomba-gira-7-rosas\/","url":"https:\/\/egbe.wnpower.host\/santeria\/producto\/pomba-gira-7-rosas\/","name":"Pomba Gira 7 Rosas - Santer\u00eda Egb\u00e9","isPartOf":{"@id":"https:\/\/egbe.wnpower.host\/santeria\/#website"},"primaryImageOfPage":{"@id":"https:\/\/egbe.wnpower.host\/santeria\/producto\/pomba-gira-7-rosas\/#primaryimage"},"image":{"@id":"https:\/\/egbe.wnpower.host\/santeria\/producto\/pomba-gira-7-rosas\/#primaryimage"},"thumbnailUrl":"https:\/\/egbe.wnpower.host\/santeria\/wp-content\/uploads\/2024\/11\/Sete-Rosas-Pomba-Gira.webp","datePublished":"2024-11-14T14:03:20+00:00","dateModified":"2025-04-26T15:59:01+00:00","breadcrumb":{"@id":"https:\/\/egbe.wnpower.host\/santeria\/producto\/pomba-gira-7-rosas\/#breadcrumb"},"inLanguage":"es","potentialAction":[{"@type":"ReadAction","target":["https:\/\/egbe.wnpower.host\/santeria\/producto\/pomba-gira-7-rosas\/"]}]},{"@type":"ImageObject","inLanguage":"es","@id":"https:\/\/egbe.wnpower.host\/santeria\/producto\/pomba-gira-7-rosas\/#primaryimage","url":"https:\/\/egbe.wnpower.host\/santeria\/wp-content\/uploads\/2024\/11\/Sete-Rosas-Pomba-Gira.webp","contentUrl":"https:\/\/egbe.wnpower.host\/santeria\/wp-content\/uploads\/2024\/11\/Sete-Rosas-Pomba-Gira.webp","width":678,"height":678},{"@type":"BreadcrumbList","@id":"https:\/\/egbe.wnpower.host\/santeria\/producto\/pomba-gira-7-rosas\/#breadcrumb","itemListElement":[{"@type":"ListItem","position":1,"name":"Portada","item":"https:\/\/egbe.wnpower.host\/santeria\/"},{"@type":"ListItem","position":2,"name":"Productos","item":"https:\/\/egbe.wnpower.host\/santeria\/shop\/"},{"@type":"ListItem","position":3,"name":"Pomba Gira 7 Rosas"}]},{"@type":"WebSite","@id":"https:\/\/egbe.wnpower.host\/santeria\/#website","url":"https:\/\/egbe.wnpower.host\/santeria\/","name":"Santer\u00eda Egb\u00e9","description":"Art\u00edculos religiosos para orix\u00e1, umbanda, kimbanda, candombl\u00e9, if\u00e1, santer\u00eda","publisher":{"@id":"https:\/\/egbe.wnpower.host\/santeria\/#\/schema\/person\/4e7903f75c064d092d2b02f7a4250583"},"potentialAction":[{"@type":"SearchAction","target":{"@type":"EntryPoint","urlTemplate":"https:\/\/egbe.wnpower.host\/santeria\/?s={search_term_string}"},"query-input":{"@type":"PropertyValueSpecification","valueRequired":true,"valueName":"search_term_string"}}],"inLanguage":"es"},{"@type":["Person","Organization"],"@id":"https:\/\/egbe.wnpower.host\/santeria\/#\/schema\/person\/4e7903f75c064d092d2b02f7a4250583","name":"B\u00e0b\u00e1 Osvaldo Omotob\u00e0t\u00e1l\u00e1","image":{"@type":"ImageObject","inLanguage":"es","@id":"https:\/\/egbe.wnpower.host\/santeria\/wp-content\/uploads\/2024\/10\/logo.jpg","url":"https:\/\/egbe.wnpower.host\/santeria\/wp-content\/uploads\/2024\/10\/logo.jpg","contentUrl":"https:\/\/egbe.wnpower.host\/santeria\/wp-content\/uploads\/2024\/10\/logo.jpg","width":518,"height":404,"caption":"B\u00e0b\u00e1 Osvaldo Omotob\u00e0t\u00e1l\u00e1"},"logo":{"@id":"https:\/\/egbe.wnpower.host\/santeria\/wp-content\/uploads\/2024\/10\/logo.jpg"},"sameAs":["https:\/\/www.facebook.com\/profile.php?id=61567814461428"]}]}},"uagb_featured_image_src":{"full":["https:\/\/egbe.wnpower.host\/santeria\/wp-content\/uploads\/2024\/11\/Sete-Rosas-Pomba-Gira.webp",678,678,false],"thumbnail":["https:\/\/egbe.wnpower.host\/santeria\/wp-content\/uploads\/2024\/11\/Sete-Rosas-Pomba-Gira-150x150.webp",150,150,true],"medium":["https:\/\/egbe.wnpower.host\/santeria\/wp-content\/uploads\/2024\/11\/Sete-Rosas-Pomba-Gira-300x300.webp",300,300,true],"medium_large":["https:\/\/egbe.wnpower.host\/santeria\/wp-content\/uploads\/2024\/11\/Sete-Rosas-Pomba-Gira.webp",678,678,false],"large":["https:\/\/egbe.wnpower.host\/santeria\/wp-content\/uploads\/2024\/11\/Sete-Rosas-Pomba-Gira.webp",678,678,false],"1536x1536":["https:\/\/egbe.wnpower.host\/santeria\/wp-content\/uploads\/2024\/11\/Sete-Rosas-Pomba-Gira.webp",678,678,false],"2048x2048":["https:\/\/egbe.wnpower.host\/santeria\/wp-content\/uploads\/2024\/11\/Sete-Rosas-Pomba-Gira.webp",678,678,false],"woocommerce_thumbnail":["https:\/\/egbe.wnpower.host\/santeria\/wp-content\/uploads\/2024\/11\/Sete-Rosas-Pomba-Gira-231x231.webp",231,231,true],"woocommerce_single":["https:\/\/egbe.wnpower.host\/santeria\/wp-content\/uploads\/2024\/11\/Sete-Rosas-Pomba-Gira-438x438.webp",438,438,true],"woocommerce_gallery_thumbnail":["https:\/\/egbe.wnpower.host\/santeria\/wp-content\/uploads\/2024\/11\/Sete-Rosas-Pomba-Gira-100x100.webp",100,100,true]},"uagb_author_info":{"display_name":"director","author_link":"https:\/\/egbe.wnpower.host\/santeria\/author\/"},"uagb_comment_info":0,"uagb_excerpt":"Imagen de Pomba Gira 7 Rosas de 20 cm y 35 cm.","_links":{"self":[{"href":"https:\/\/egbe.wnpower.host\/santeria\/wp-json\/wp\/v2\/product\/28619","targetHints":{"allow":["GET"]}}],"collection":[{"href":"https:\/\/egbe.wnpower.host\/santeria\/wp-json\/wp\/v2\/product"}],"about":[{"href":"https:\/\/egbe.wnpower.host\/santeria\/wp-json\/wp\/v2\/types\/product"}],"replies":[{"embeddable":true,"href":"https:\/\/egbe.wnpower.host\/santeria\/wp-json\/wp\/v2\/comments?post=28619"}],"version-history":[{"count":1,"href":"https:\/\/egbe.wnpower.host\/santeria\/wp-json\/wp\/v2\/product\/28619\/revisions"}],"predecessor-version":[{"id":30668,"href":"https:\/\/egbe.wnpower.host\/santeria\/wp-json\/wp\/v2\/product\/28619\/revisions\/30668"}],"wp:featuredmedia":[{"embeddable":true,"href":"https:\/\/egbe.wnpower.host\/santeria\/wp-json\/wp\/v2\/media\/28622"}],"wp:attachment":[{"href":"https:\/\/egbe.wnpower.host\/santeria\/wp-json\/wp\/v2\/media?parent=28619"}],"wp:term":[{"taxonomy":"product_brand","embeddable":true,"href":"https:\/\/egbe.wnpower.host\/santeria\/wp-json\/wp\/v2\/product_brand?post=28619"},{"taxonomy":"product_cat","embeddable":true,"href":"https:\/\/egbe.wnpower.host\/santeria\/wp-json\/wp\/v2\/product_cat?post=28619"},{"taxonomy":"product_tag","embeddable":true,"href":"https:\/\/egbe.wnpower.host\/santeria\/wp-json\/wp\/v2\/product_tag?post=28619"}],"curies":[{"name":"wp","href":"https:\/\/api.w.org\/{rel}","templated":true}]}}