{"id":30735,"date":"2025-07-17T15:09:27","date_gmt":"2025-07-17T18:09:27","guid":{"rendered":"https:\/\/egbe.wnpower.host\/santeria\/?post_type=product&#038;p=30735"},"modified":"2026-02-12T12:24:58","modified_gmt":"2026-02-12T15:24:58","slug":"munecos-de-trapo","status":"publish","type":"product","link":"https:\/\/egbe.wnpower.host\/santeria\/producto\/munecos-de-trapo\/","title":{"rendered":"Mu\u00f1ecos de trapo"},"content":{"rendered":"<p>Parejas de trapo para diversos trabajos espirituales, tales como amarres; casamiento; fidelidad; o tambi\u00e9n para paralizar enemigos; dominar; amansar; doblegar&#8230;<\/p>\n<p>Color rojo: para la pasi\u00f3n, amor, amarres<\/p>\n<p>Color negro: contra enemigos<\/p>\n<p>Color blanco: para la salud, casamiento, fidelidad, armon\u00eda en el hogar<\/p>\n","protected":false},"excerpt":{"rendered":"<p>Mu\u00f1ecos de trapo en varios colores<\/p>\n<p>&nbsp;<\/p>\n","protected":false},"featured_media":30736,"comment_status":"closed","ping_status":"closed","template":"","meta":{"_eb_attr":"","_uag_custom_page_level_css":""},"product_brand":[],"product_cat":[35],"product_tag":[],"class_list":{"0":"post-30735","1":"product","2":"type-product","3":"status-publish","4":"has-post-thumbnail","6":"product_cat-sin-categoria","8":"first","9":"instock","10":"shipping-taxable","11":"purchasable","12":"product-type-simple"},"yoast_head":"<!-- This site is optimized with the Yoast SEO plugin v27.3 - https:\/\/yoast.com\/product\/yoast-seo-wordpress\/ -->\n<title>Mu\u00f1ecos de trapo - Santer\u00eda Egb\u00e9<\/title>\n<meta name=\"robots\" content=\"index, follow, max-snippet:-1, max-image-preview:large, max-video-preview:-1\" \/>\n<link rel=\"canonical\" href=\"https:\/\/egbe.wnpower.host\/santeria\/producto\/munecos-de-trapo\/\" \/>\n<meta property=\"og:locale\" content=\"es_ES\" \/>\n<meta property=\"og:type\" content=\"article\" \/>\n<meta property=\"og:title\" content=\"Mu\u00f1ecos de trapo - Santer\u00eda Egb\u00e9\" \/>\n<meta property=\"og:description\" content=\"Mu\u00f1ecos de trapo en varios colores  &nbsp;\" \/>\n<meta property=\"og:url\" content=\"https:\/\/egbe.wnpower.host\/santeria\/producto\/munecos-de-trapo\/\" \/>\n<meta property=\"og:site_name\" content=\"Santer\u00eda Egb\u00e9\" \/>\n<meta property=\"article:publisher\" content=\"https:\/\/www.facebook.com\/profile.php?id=61567814461428\" \/>\n<meta property=\"article:modified_time\" content=\"2026-02-12T15:24:58+00:00\" \/>\n<meta property=\"og:image\" content=\"https:\/\/egbe.wnpower.host\/santeria\/wp-content\/uploads\/2025\/07\/muneco-trapo.webp\" \/>\n\t<meta property=\"og:image:width\" content=\"1024\" \/>\n\t<meta property=\"og:image:height\" content=\"683\" \/>\n\t<meta property=\"og:image:type\" content=\"image\/webp\" \/>\n<meta name=\"twitter:card\" content=\"summary_large_image\" \/>\n<meta name=\"twitter:label1\" content=\"Tiempo de lectura\" \/>\n\t<meta name=\"twitter:data1\" content=\"1 minuto\" \/>\n<script type=\"application\/ld+json\" class=\"yoast-schema-graph\">{\"@context\":\"https:\\\/\\\/schema.org\",\"@graph\":[{\"@type\":\"WebPage\",\"@id\":\"https:\\\/\\\/egbe.wnpower.host\\\/santeria\\\/producto\\\/munecos-de-trapo\\\/\",\"url\":\"https:\\\/\\\/egbe.wnpower.host\\\/santeria\\\/producto\\\/munecos-de-trapo\\\/\",\"name\":\"Mu\u00f1ecos de trapo - Santer\u00eda Egb\u00e9\",\"isPartOf\":{\"@id\":\"https:\\\/\\\/egbe.wnpower.host\\\/santeria\\\/#website\"},\"primaryImageOfPage\":{\"@id\":\"https:\\\/\\\/egbe.wnpower.host\\\/santeria\\\/producto\\\/munecos-de-trapo\\\/#primaryimage\"},\"image\":{\"@id\":\"https:\\\/\\\/egbe.wnpower.host\\\/santeria\\\/producto\\\/munecos-de-trapo\\\/#primaryimage\"},\"thumbnailUrl\":\"https:\\\/\\\/egbe.wnpower.host\\\/santeria\\\/wp-content\\\/uploads\\\/2025\\\/07\\\/muneco-trapo.webp\",\"datePublished\":\"2025-07-17T18:09:27+00:00\",\"dateModified\":\"2026-02-12T15:24:58+00:00\",\"breadcrumb\":{\"@id\":\"https:\\\/\\\/egbe.wnpower.host\\\/santeria\\\/producto\\\/munecos-de-trapo\\\/#breadcrumb\"},\"inLanguage\":\"es\",\"potentialAction\":[{\"@type\":\"ReadAction\",\"target\":[\"https:\\\/\\\/egbe.wnpower.host\\\/santeria\\\/producto\\\/munecos-de-trapo\\\/\"]}]},{\"@type\":\"ImageObject\",\"inLanguage\":\"es\",\"@id\":\"https:\\\/\\\/egbe.wnpower.host\\\/santeria\\\/producto\\\/munecos-de-trapo\\\/#primaryimage\",\"url\":\"https:\\\/\\\/egbe.wnpower.host\\\/santeria\\\/wp-content\\\/uploads\\\/2025\\\/07\\\/muneco-trapo.webp\",\"contentUrl\":\"https:\\\/\\\/egbe.wnpower.host\\\/santeria\\\/wp-content\\\/uploads\\\/2025\\\/07\\\/muneco-trapo.webp\",\"width\":1024,\"height\":683},{\"@type\":\"BreadcrumbList\",\"@id\":\"https:\\\/\\\/egbe.wnpower.host\\\/santeria\\\/producto\\\/munecos-de-trapo\\\/#breadcrumb\",\"itemListElement\":[{\"@type\":\"ListItem\",\"position\":1,\"name\":\"Portada\",\"item\":\"https:\\\/\\\/egbe.wnpower.host\\\/santeria\\\/\"},{\"@type\":\"ListItem\",\"position\":2,\"name\":\"Productos\",\"item\":\"https:\\\/\\\/egbe.wnpower.host\\\/santeria\\\/shop\\\/\"},{\"@type\":\"ListItem\",\"position\":3,\"name\":\"Mu\u00f1ecos de trapo\"}]},{\"@type\":\"WebSite\",\"@id\":\"https:\\\/\\\/egbe.wnpower.host\\\/santeria\\\/#website\",\"url\":\"https:\\\/\\\/egbe.wnpower.host\\\/santeria\\\/\",\"name\":\"Santer\u00eda Egb\u00e9\",\"description\":\"Art\u00edculos religiosos para orix\u00e1, umbanda, kimbanda, candombl\u00e9, if\u00e1, santer\u00eda\",\"publisher\":{\"@id\":\"https:\\\/\\\/egbe.wnpower.host\\\/santeria\\\/#\\\/schema\\\/person\\\/4e7903f75c064d092d2b02f7a4250583\"},\"potentialAction\":[{\"@type\":\"SearchAction\",\"target\":{\"@type\":\"EntryPoint\",\"urlTemplate\":\"https:\\\/\\\/egbe.wnpower.host\\\/santeria\\\/?s={search_term_string}\"},\"query-input\":{\"@type\":\"PropertyValueSpecification\",\"valueRequired\":true,\"valueName\":\"search_term_string\"}}],\"inLanguage\":\"es\"},{\"@type\":[\"Person\",\"Organization\"],\"@id\":\"https:\\\/\\\/egbe.wnpower.host\\\/santeria\\\/#\\\/schema\\\/person\\\/4e7903f75c064d092d2b02f7a4250583\",\"name\":\"B\u00e0b\u00e1 Osvaldo Omotob\u00e0t\u00e1l\u00e1\",\"image\":{\"@type\":\"ImageObject\",\"inLanguage\":\"es\",\"@id\":\"https:\\\/\\\/egbe.wnpower.host\\\/santeria\\\/wp-content\\\/uploads\\\/2024\\\/10\\\/logo.jpg\",\"url\":\"https:\\\/\\\/egbe.wnpower.host\\\/santeria\\\/wp-content\\\/uploads\\\/2024\\\/10\\\/logo.jpg\",\"contentUrl\":\"https:\\\/\\\/egbe.wnpower.host\\\/santeria\\\/wp-content\\\/uploads\\\/2024\\\/10\\\/logo.jpg\",\"width\":518,\"height\":404,\"caption\":\"B\u00e0b\u00e1 Osvaldo Omotob\u00e0t\u00e1l\u00e1\"},\"logo\":{\"@id\":\"https:\\\/\\\/egbe.wnpower.host\\\/santeria\\\/wp-content\\\/uploads\\\/2024\\\/10\\\/logo.jpg\"},\"sameAs\":[\"https:\\\/\\\/www.facebook.com\\\/profile.php?id=61567814461428\"]}]}<\/script>\n<!-- \/ Yoast SEO plugin. -->","yoast_head_json":{"title":"Mu\u00f1ecos de trapo - Santer\u00eda Egb\u00e9","robots":{"index":"index","follow":"follow","max-snippet":"max-snippet:-1","max-image-preview":"max-image-preview:large","max-video-preview":"max-video-preview:-1"},"canonical":"https:\/\/egbe.wnpower.host\/santeria\/producto\/munecos-de-trapo\/","og_locale":"es_ES","og_type":"article","og_title":"Mu\u00f1ecos de trapo - Santer\u00eda Egb\u00e9","og_description":"Mu\u00f1ecos de trapo en varios colores  &nbsp;","og_url":"https:\/\/egbe.wnpower.host\/santeria\/producto\/munecos-de-trapo\/","og_site_name":"Santer\u00eda Egb\u00e9","article_publisher":"https:\/\/www.facebook.com\/profile.php?id=61567814461428","article_modified_time":"2026-02-12T15:24:58+00:00","og_image":[{"width":1024,"height":683,"url":"https:\/\/egbe.wnpower.host\/santeria\/wp-content\/uploads\/2025\/07\/muneco-trapo.webp","type":"image\/webp"}],"twitter_card":"summary_large_image","twitter_misc":{"Tiempo de lectura":"1 minuto"},"schema":{"@context":"https:\/\/schema.org","@graph":[{"@type":"WebPage","@id":"https:\/\/egbe.wnpower.host\/santeria\/producto\/munecos-de-trapo\/","url":"https:\/\/egbe.wnpower.host\/santeria\/producto\/munecos-de-trapo\/","name":"Mu\u00f1ecos de trapo - Santer\u00eda Egb\u00e9","isPartOf":{"@id":"https:\/\/egbe.wnpower.host\/santeria\/#website"},"primaryImageOfPage":{"@id":"https:\/\/egbe.wnpower.host\/santeria\/producto\/munecos-de-trapo\/#primaryimage"},"image":{"@id":"https:\/\/egbe.wnpower.host\/santeria\/producto\/munecos-de-trapo\/#primaryimage"},"thumbnailUrl":"https:\/\/egbe.wnpower.host\/santeria\/wp-content\/uploads\/2025\/07\/muneco-trapo.webp","datePublished":"2025-07-17T18:09:27+00:00","dateModified":"2026-02-12T15:24:58+00:00","breadcrumb":{"@id":"https:\/\/egbe.wnpower.host\/santeria\/producto\/munecos-de-trapo\/#breadcrumb"},"inLanguage":"es","potentialAction":[{"@type":"ReadAction","target":["https:\/\/egbe.wnpower.host\/santeria\/producto\/munecos-de-trapo\/"]}]},{"@type":"ImageObject","inLanguage":"es","@id":"https:\/\/egbe.wnpower.host\/santeria\/producto\/munecos-de-trapo\/#primaryimage","url":"https:\/\/egbe.wnpower.host\/santeria\/wp-content\/uploads\/2025\/07\/muneco-trapo.webp","contentUrl":"https:\/\/egbe.wnpower.host\/santeria\/wp-content\/uploads\/2025\/07\/muneco-trapo.webp","width":1024,"height":683},{"@type":"BreadcrumbList","@id":"https:\/\/egbe.wnpower.host\/santeria\/producto\/munecos-de-trapo\/#breadcrumb","itemListElement":[{"@type":"ListItem","position":1,"name":"Portada","item":"https:\/\/egbe.wnpower.host\/santeria\/"},{"@type":"ListItem","position":2,"name":"Productos","item":"https:\/\/egbe.wnpower.host\/santeria\/shop\/"},{"@type":"ListItem","position":3,"name":"Mu\u00f1ecos de trapo"}]},{"@type":"WebSite","@id":"https:\/\/egbe.wnpower.host\/santeria\/#website","url":"https:\/\/egbe.wnpower.host\/santeria\/","name":"Santer\u00eda Egb\u00e9","description":"Art\u00edculos religiosos para orix\u00e1, umbanda, kimbanda, candombl\u00e9, if\u00e1, santer\u00eda","publisher":{"@id":"https:\/\/egbe.wnpower.host\/santeria\/#\/schema\/person\/4e7903f75c064d092d2b02f7a4250583"},"potentialAction":[{"@type":"SearchAction","target":{"@type":"EntryPoint","urlTemplate":"https:\/\/egbe.wnpower.host\/santeria\/?s={search_term_string}"},"query-input":{"@type":"PropertyValueSpecification","valueRequired":true,"valueName":"search_term_string"}}],"inLanguage":"es"},{"@type":["Person","Organization"],"@id":"https:\/\/egbe.wnpower.host\/santeria\/#\/schema\/person\/4e7903f75c064d092d2b02f7a4250583","name":"B\u00e0b\u00e1 Osvaldo Omotob\u00e0t\u00e1l\u00e1","image":{"@type":"ImageObject","inLanguage":"es","@id":"https:\/\/egbe.wnpower.host\/santeria\/wp-content\/uploads\/2024\/10\/logo.jpg","url":"https:\/\/egbe.wnpower.host\/santeria\/wp-content\/uploads\/2024\/10\/logo.jpg","contentUrl":"https:\/\/egbe.wnpower.host\/santeria\/wp-content\/uploads\/2024\/10\/logo.jpg","width":518,"height":404,"caption":"B\u00e0b\u00e1 Osvaldo Omotob\u00e0t\u00e1l\u00e1"},"logo":{"@id":"https:\/\/egbe.wnpower.host\/santeria\/wp-content\/uploads\/2024\/10\/logo.jpg"},"sameAs":["https:\/\/www.facebook.com\/profile.php?id=61567814461428"]}]}},"uagb_featured_image_src":{"full":["https:\/\/egbe.wnpower.host\/santeria\/wp-content\/uploads\/2025\/07\/muneco-trapo.webp",1024,683,false],"thumbnail":["https:\/\/egbe.wnpower.host\/santeria\/wp-content\/uploads\/2025\/07\/muneco-trapo-150x150.webp",150,150,true],"medium":["https:\/\/egbe.wnpower.host\/santeria\/wp-content\/uploads\/2025\/07\/muneco-trapo-400x267.webp",400,267,true],"medium_large":["https:\/\/egbe.wnpower.host\/santeria\/wp-content\/uploads\/2025\/07\/muneco-trapo-768x512.webp",768,512,true],"large":["https:\/\/egbe.wnpower.host\/santeria\/wp-content\/uploads\/2025\/07\/muneco-trapo.webp",980,654,false],"1536x1536":["https:\/\/egbe.wnpower.host\/santeria\/wp-content\/uploads\/2025\/07\/muneco-trapo.webp",1024,683,false],"2048x2048":["https:\/\/egbe.wnpower.host\/santeria\/wp-content\/uploads\/2025\/07\/muneco-trapo.webp",1024,683,false],"woocommerce_thumbnail":["https:\/\/egbe.wnpower.host\/santeria\/wp-content\/uploads\/2025\/07\/muneco-trapo-231x154.webp",231,154,true],"woocommerce_single":["https:\/\/egbe.wnpower.host\/santeria\/wp-content\/uploads\/2025\/07\/muneco-trapo-438x292.webp",438,292,true],"woocommerce_gallery_thumbnail":["https:\/\/egbe.wnpower.host\/santeria\/wp-content\/uploads\/2025\/07\/muneco-trapo-100x100.webp",100,100,true]},"uagb_author_info":{"display_name":"director","author_link":"https:\/\/egbe.wnpower.host\/santeria\/author\/"},"uagb_comment_info":0,"uagb_excerpt":"Mu\u00f1ecos de trapo en varios colores &nbsp;","_links":{"self":[{"href":"https:\/\/egbe.wnpower.host\/santeria\/wp-json\/wp\/v2\/product\/30735","targetHints":{"allow":["GET"]}}],"collection":[{"href":"https:\/\/egbe.wnpower.host\/santeria\/wp-json\/wp\/v2\/product"}],"about":[{"href":"https:\/\/egbe.wnpower.host\/santeria\/wp-json\/wp\/v2\/types\/product"}],"replies":[{"embeddable":true,"href":"https:\/\/egbe.wnpower.host\/santeria\/wp-json\/wp\/v2\/comments?post=30735"}],"version-history":[{"count":3,"href":"https:\/\/egbe.wnpower.host\/santeria\/wp-json\/wp\/v2\/product\/30735\/revisions"}],"predecessor-version":[{"id":30739,"href":"https:\/\/egbe.wnpower.host\/santeria\/wp-json\/wp\/v2\/product\/30735\/revisions\/30739"}],"wp:featuredmedia":[{"embeddable":true,"href":"https:\/\/egbe.wnpower.host\/santeria\/wp-json\/wp\/v2\/media\/30736"}],"wp:attachment":[{"href":"https:\/\/egbe.wnpower.host\/santeria\/wp-json\/wp\/v2\/media?parent=30735"}],"wp:term":[{"taxonomy":"product_brand","embeddable":true,"href":"https:\/\/egbe.wnpower.host\/santeria\/wp-json\/wp\/v2\/product_brand?post=30735"},{"taxonomy":"product_cat","embeddable":true,"href":"https:\/\/egbe.wnpower.host\/santeria\/wp-json\/wp\/v2\/product_cat?post=30735"},{"taxonomy":"product_tag","embeddable":true,"href":"https:\/\/egbe.wnpower.host\/santeria\/wp-json\/wp\/v2\/product_tag?post=30735"}],"curies":[{"name":"wp","href":"https:\/\/api.w.org\/{rel}","templated":true}]}}